{"id":1932,"date":"2021-04-16T11:40:57","date_gmt":"2021-04-16T09:40:57","guid":{"rendered":"https:\/\/www.fondazionecrpesaro.it\/fondazione\/?page_id=1932"},"modified":"2022-08-02T18:03:08","modified_gmt":"2022-08-02T16:03:08","slug":"iscrizione-newsletter","status":"publish","type":"page","link":"https:\/\/www.fondazionecrpesaro.it\/fondazione\/iscrizione-newsletter\/","title":{"rendered":"Iscrizione newsletter"},"content":{"rendered":"\t\t<div data-elementor-type=\"wp-page\" data-elementor-id=\"1932\" class=\"elementor elementor-1932\">\n\t\t\t\t\t\t<section class=\"elementor-section elementor-top-section elementor-element elementor-element-1dc6c04 elementor-section-full_width elementor-section-stretched elementor-hidden-phone elementor-section-height-default elementor-section-height-default\" data-id=\"1dc6c04\" data-element_type=\"section\" data-e-type=\"section\" data-settings=\"{&quot;stretch_section&quot;:&quot;section-stretched&quot;}\">\n\t\t\t\t\t\t<div class=\"elementor-container elementor-column-gap-no\">\n\t\t\t\t\t<div class=\"elementor-column elementor-col-100 elementor-top-column elementor-element elementor-element-a9f9637\" data-id=\"a9f9637\" data-element_type=\"column\" data-e-type=\"column\">\n\t\t\t<div class=\"elementor-widget-wrap elementor-element-populated\">\n\t\t\t\t\t\t<div class=\"elementor-element elementor-element-3ebd771 elementor-widget elementor-widget-image\" data-id=\"3ebd771\" data-element_type=\"widget\" data-e-type=\"widget\" data-widget_type=\"image.default\">\n\t\t\t\t<div class=\"elementor-widget-container\">\n\t\t\t\t\t\t\t\t\t\t\t\t\t\t\t<img decoding=\"async\" src=\"https:\/\/www.fondazionecrpesaro.it\/fondazione\/wp-content\/uploads\/elementor\/thumbs\/bilanci-p5r26xgzbtu2um3h0iuic3u9d26a4vtq7cfmf7zwow.png\" title=\"bilanci\" alt=\"Fondazione Cassa di Risparmio di Pesaro\" loading=\"lazy\" \/>\t\t\t\t\t\t\t\t\t\t\t\t\t\t\t<\/div>\n\t\t\t\t<\/div>\n\t\t\t\t\t<\/div>\n\t\t<\/div>\n\t\t\t\t\t<\/div>\n\t\t<\/section>\n\t\t\t\t<section class=\"elementor-section elementor-top-section elementor-element elementor-element-f001342 elementor-section-full_width elementor-section-stretched elementor-hidden-desktop elementor-hidden-tablet elementor-section-height-default elementor-section-height-default\" data-id=\"f001342\" data-element_type=\"section\" data-e-type=\"section\" data-settings=\"{&quot;stretch_section&quot;:&quot;section-stretched&quot;,&quot;background_background&quot;:&quot;slideshow&quot;,&quot;background_slideshow_gallery&quot;:[{&quot;id&quot;:1522,&quot;url&quot;:&quot;https:\\\/\\\/www.fondazionecrpesaro.it\\\/fondazione\\\/wp-content\\\/uploads\\\/2021\\\/04\\\/bilanci.png&quot;}],&quot;background_slideshow_loop&quot;:&quot;yes&quot;,&quot;background_slideshow_slide_duration&quot;:5000,&quot;background_slideshow_slide_transition&quot;:&quot;fade&quot;,&quot;background_slideshow_transition_duration&quot;:500}\">\n\t\t\t\t\t\t<div class=\"elementor-container elementor-column-gap-no\">\n\t\t\t\t\t<div class=\"elementor-column elementor-col-100 elementor-top-column elementor-element elementor-element-c135926\" data-id=\"c135926\" data-element_type=\"column\" data-e-type=\"column\">\n\t\t\t<div class=\"elementor-widget-wrap\">\n\t\t\t\t\t\t\t<\/div>\n\t\t<\/div>\n\t\t\t\t\t<\/div>\n\t\t<\/section>\n\t\t\t\t<section class=\"elementor-section elementor-top-section elementor-element elementor-element-2c1c87ce elementor-section-boxed elementor-section-height-default elementor-section-height-default\" data-id=\"2c1c87ce\" data-element_type=\"section\" data-e-type=\"section\">\n\t\t\t\t\t\t<div class=\"elementor-container elementor-column-gap-default\">\n\t\t\t\t\t<div class=\"elementor-column elementor-col-100 elementor-top-column elementor-element elementor-element-5b98784c\" data-id=\"5b98784c\" data-element_type=\"column\" data-e-type=\"column\">\n\t\t\t<div class=\"elementor-widget-wrap elementor-element-populated\">\n\t\t\t\t\t\t<section class=\"elementor-section elementor-inner-section elementor-element elementor-element-26a6d79a elementor-section-boxed elementor-section-height-default elementor-section-height-default\" data-id=\"26a6d79a\" data-element_type=\"section\" data-e-type=\"section\">\n\t\t\t\t\t\t<div class=\"elementor-container elementor-column-gap-default\">\n\t\t\t\t\t<div class=\"elementor-column elementor-col-100 elementor-inner-column elementor-element elementor-element-1f171b78\" data-id=\"1f171b78\" data-element_type=\"column\" data-e-type=\"column\">\n\t\t\t<div class=\"elementor-widget-wrap elementor-element-populated\">\n\t\t\t\t\t\t<div class=\"elementor-element elementor-element-65d40553 elementor-widget elementor-widget-text-editor\" data-id=\"65d40553\" data-element_type=\"widget\" data-e-type=\"widget\" data-widget_type=\"text-editor.default\">\n\t\t\t\t<div class=\"elementor-widget-container\">\n\t\t\t\t\t\t\t\t\t<p>Iscrizione Newsletter<\/p>\t\t\t\t\t\t\t\t<\/div>\n\t\t\t\t<\/div>\n\t\t\t\t\t<\/div>\n\t\t<\/div>\n\t\t\t\t\t<\/div>\n\t\t<\/section>\n\t\t\t\t\t<\/div>\n\t\t<\/div>\n\t\t\t\t\t<\/div>\n\t\t<\/section>\n\t\t\t\t<section class=\"elementor-section elementor-top-section elementor-element elementor-element-063a8d8 elementor-section-boxed elementor-section-height-default elementor-section-height-default\" data-id=\"063a8d8\" data-element_type=\"section\" data-e-type=\"section\">\n\t\t\t\t\t\t<div class=\"elementor-container elementor-column-gap-default\">\n\t\t\t\t\t<div class=\"elementor-column elementor-col-100 elementor-top-column elementor-element elementor-element-5e823b6\" data-id=\"5e823b6\" data-element_type=\"column\" data-e-type=\"column\">\n\t\t\t<div class=\"elementor-widget-wrap elementor-element-populated\">\n\t\t\t\t\t\t<section class=\"elementor-section elementor-inner-section elementor-element elementor-element-8c4915a elementor-section-boxed elementor-section-height-default elementor-section-height-default\" data-id=\"8c4915a\" data-element_type=\"section\" data-e-type=\"section\">\n\t\t\t\t\t\t<div class=\"elementor-container elementor-column-gap-default\">\n\t\t\t\t\t<div class=\"elementor-column elementor-col-33 elementor-inner-column elementor-element elementor-element-5b9d713\" data-id=\"5b9d713\" data-element_type=\"column\" data-e-type=\"column\">\n\t\t\t<div class=\"elementor-widget-wrap\">\n\t\t\t\t\t\t\t<\/div>\n\t\t<\/div>\n\t\t\t\t<div class=\"elementor-column elementor-col-33 elementor-inner-column elementor-element elementor-element-3afca9d\" data-id=\"3afca9d\" data-element_type=\"column\" data-e-type=\"column\" data-settings=\"{&quot;background_background&quot;:&quot;classic&quot;}\">\n\t\t\t<div class=\"elementor-widget-wrap elementor-element-populated\">\n\t\t\t\t\t\t<div class=\"elementor-element elementor-element-f2e5685 elementor-widget elementor-widget-heading\" data-id=\"f2e5685\" data-element_type=\"widget\" data-e-type=\"widget\" data-widget_type=\"heading.default\">\n\t\t\t\t<div class=\"elementor-widget-container\">\n\t\t\t\t\t<h2 class=\"elementor-heading-title elementor-size-default\">Iscriviti alla nostra newsletter<\/h2>\t\t\t\t<\/div>\n\t\t\t\t<\/div>\n\t\t\t\t<div class=\"elementor-element elementor-element-c81b15c elementor-widget elementor-widget-html\" data-id=\"c81b15c\" data-element_type=\"widget\" data-e-type=\"widget\" data-widget_type=\"html.default\">\n\t\t\t\t<div class=\"elementor-widget-container\">\n\t\t\t\t\t<!-- Begin Mailchimp Signup Form -->\n<link href=\"\/\/cdn-images.mailchimp.com\/embedcode\/classic-10_7_dtp.css\" rel=\"stylesheet\" type=\"text\/css\">\n<style type=\"text\/css\">\n\t#mc_embed_signup{background:#fff; clear:left; font:14px Helvetica,Arial,sans-serif;  width:600px;}\n\t\/* Add your own Mailchimp form style overrides in your site stylesheet or in this style block.\n\t   We recommend moving this block and the preceding CSS link to the HEAD of your HTML file. *\/\n<\/style>\n<style type=\"text\/css\">\n\t#mc-embedded-subscribe-form input[type=checkbox]{display: inline; width: auto;margin-right: 10px;}\n\t#mergeRow-gdpr {margin-top: 20px;}\n\t#mergeRow-gdpr fieldset label {font-weight: normal;}\n\t#mc-embedded-subscribe-form .mc_fieldset{border:none;min-height: 0px;padding-bottom:0px;}\n<\/style>\n<div id=\"mc_embed_signup\">\n<form action=\"https:\/\/fondazionecrpesaro.us6.list-manage.com\/subscribe\/post?u=e8bf039e34938679a139a17bb&amp;id=68acb343ef\" method=\"post\" id=\"mc-embedded-subscribe-form\" name=\"mc-embedded-subscribe-form\" class=\"validate\" target=\"_blank\" novalidate>\n    <div id=\"mc_embed_signup_scroll\">\n\t<h2><\/h2>\n<div class=\"indicates-required\"><span class=\"asterisk\">*<\/span> campi richiesti<\/div>\n<div class=\"mc-field-group\">\n\t<label for=\"mce-EMAIL\">Indirizzo email  <span class=\"asterisk\">*<\/span>\n<\/label>\n\t<input type=\"email\" value=\"\" name=\"EMAIL\" class=\"required email\" id=\"mce-EMAIL\">\n<\/div>\n<div id=\"mergeRow-gdpr\" class=\"mergeRow gdpr-mergeRow content__gdprBlock mc-field-group\">\n    <div class=\"content__gdpr\">\n        <label>Informativa Privacy<\/label>\n        <p>\n<\/p>\n        <fieldset class=\"mc_fieldset gdprRequired mc-field-group\" name=\"interestgroup_field\">\n\t\t<label class=\"checkbox subfield\" for=\"gdpr_81871\"><input type=\"checkbox\" id=\"gdpr_81871\" name=\"gdpr[81871]\" value=\"Y\" class=\"av-checkbox \"><span>*<\/span> <\/label>\n        <\/fieldset>\n        <p>Ai sensi dell'art.13 del GDPR 679\/2016 si informa che i dati che ci verranno forniti tramite la compilazione di questo form saranno trattati dalla Fondazione Cassa di Risparmio di Pesaro per poterle inviare le nostre newsletter. Si precisa che il Form non \u00e8 destinato a visitatori di et\u00e0 inferiore a 14 anni o che non siano maggiorenni nella loro giurisdizione di residenza. Se non conformi ai requisiti anagrafici specificati, non inserire i propri dati personali nel Form. La informiamo inoltre che i dati personali a Lei riferibili saranno trattati nel rispetto delle modalit\u00e0 indicate nell'art.5 del GDPR 679\/2016 il quale prevede che i dati siano trattati in modo lecito, corretto e trasparente nei confronti dell'interessato; raccolti per finalit\u00e0 determinate esplicite e legittime e sucessivamente trattati in modo che non sia incompatibile con tali finalit\u00e0; adeguati, pertinenti e limitati a quanto necessario rispetto alle finalit\u00e0 per le quali sono trattati; esatti e, se necessario, aggiornati; conservati in una forma che consenta<\/p>\n    <\/div>\n    <div class=\"content__gdprLegal\">\n        <p><\/a><\/p>\n    <\/div>\n<\/div>\n\t<div id=\"mce-responses\" class=\"clear foot\">\n\t\t<div class=\"response\" id=\"mce-error-response\" style=\"display:none\"><\/div>\n\t\t<div class=\"response\" id=\"mce-success-response\" style=\"display:none\"><\/div>\n\t<\/div>    <!-- real people should not fill this in and expect good things - do not remove this or risk form bot signups-->\n    <div style=\"position: absolute; left: -5000px;\" aria-hidden=\"true\"><input type=\"text\" name=\"b_e8bf039e34938679a139a17bb_68acb343ef\" tabindex=\"-1\" value=\"\"><\/div>\n        <div class=\"optionalParent\">\n            <div class=\"clear foot\">\n                <input type=\"submit\" value=\"Iscriviti\" name=\"subscribe\" id=\"mc-embedded-subscribe\" class=\"button\">\n                <p class=\"brandingLogo\"><a href=\"http:\/\/eepurl.com\/h7ZGbH\" title=\"Mailchimp - email marketing made easy and fun\"><img decoding=\"async\" src=\"https:\/\/eep.io\/mc-cdn-images\/template_images\/branding_logo_text_dark_dtp.svg\"><\/a><\/p>\n            <\/div>\n        <\/div>\n    <\/div>\n<\/form>\n<\/div>\n<script type='text\/javascript' src='\/\/s3.amazonaws.com\/downloads.mailchimp.com\/js\/mc-validate.js'><\/script><script type='text\/javascript'>(function($) {window.fnames = new Array(); window.ftypes = new Array();fnames[0]='EMAIL';ftypes[0]='email';}(jQuery));var $mcj = jQuery.noConflict(true);<\/script>\n<!--End mc_embed_signup-->\t\t\t\t<\/div>\n\t\t\t\t<\/div>\n\t\t\t\t\t<\/div>\n\t\t<\/div>\n\t\t\t\t<div class=\"elementor-column elementor-col-33 elementor-inner-column elementor-element elementor-element-4d087e5\" data-id=\"4d087e5\" data-element_type=\"column\" data-e-type=\"column\">\n\t\t\t<div class=\"elementor-widget-wrap\">\n\t\t\t\t\t\t\t<\/div>\n\t\t<\/div>\n\t\t\t\t\t<\/div>\n\t\t<\/section>\n\t\t\t\t\t<\/div>\n\t\t<\/div>\n\t\t\t\t\t<\/div>\n\t\t<\/section>\n\t\t\t\t<section class=\"elementor-section elementor-top-section elementor-element elementor-element-d83fc02 elementor-section-boxed elementor-section-height-default elementor-section-height-default\" data-id=\"d83fc02\" data-element_type=\"section\" data-e-type=\"section\">\n\t\t\t\t\t\t<div class=\"elementor-container elementor-column-gap-default\">\n\t\t\t\t\t<div class=\"elementor-column elementor-col-100 elementor-top-column elementor-element elementor-element-03803eb\" data-id=\"03803eb\" data-element_type=\"column\" data-e-type=\"column\">\n\t\t\t<div class=\"elementor-widget-wrap\">\n\t\t\t\t\t\t\t<\/div>\n\t\t<\/div>\n\t\t\t\t\t<\/div>\n\t\t<\/section>\n\t\t\t\t<\/div>\n\t\t","protected":false},"excerpt":{"rendered":"<p>Iscrizione Newsletter Iscriviti alla nostra newsletter * campi richiesti Indirizzo email * Informativa Privacy * Ai sensi dell&#8217;art.13 del GDPR 679\/2016 si informa che i dati che ci verranno forniti [&hellip;]<\/p>\n","protected":false},"author":1,"featured_media":0,"parent":0,"menu_order":0,"comment_status":"closed","ping_status":"closed","template":"","meta":{"ocean_post_layout":"","ocean_both_sidebars_style":"","ocean_both_sidebars_content_width":0,"ocean_both_sidebars_sidebars_width":0,"ocean_sidebar":"0","ocean_second_sidebar":"0","ocean_disable_margins":"enable","ocean_add_body_class":"","ocean_shortcode_before_top_bar":"","ocean_shortcode_after_top_bar":"","ocean_shortcode_before_header":"","ocean_shortcode_after_header":"","ocean_has_shortcode":"","ocean_shortcode_after_title":"","ocean_shortcode_before_footer_widgets":"","ocean_shortcode_after_footer_widgets":"","ocean_shortcode_before_footer_bottom":"","ocean_shortcode_after_footer_bottom":"","ocean_display_top_bar":"default","ocean_display_header":"default","ocean_header_style":"","ocean_center_header_left_menu":"0","ocean_custom_header_template":"0","ocean_custom_logo":0,"ocean_custom_retina_logo":0,"ocean_custom_logo_max_width":0,"ocean_custom_logo_tablet_max_width":0,"ocean_custom_logo_mobile_max_width":0,"ocean_custom_logo_max_height":0,"ocean_custom_logo_tablet_max_height":0,"ocean_custom_logo_mobile_max_height":0,"ocean_header_custom_menu":"0","ocean_menu_typo_font_family":"0","ocean_menu_typo_font_subset":"","ocean_menu_typo_font_size":0,"ocean_menu_typo_font_size_tablet":0,"ocean_menu_typo_font_size_mobile":0,"ocean_menu_typo_font_size_unit":"px","ocean_menu_typo_font_weight":"","ocean_menu_typo_font_weight_tablet":"","ocean_menu_typo_font_weight_mobile":"","ocean_menu_typo_transform":"","ocean_menu_typo_transform_tablet":"","ocean_menu_typo_transform_mobile":"","ocean_menu_typo_line_height":0,"ocean_menu_typo_line_height_tablet":0,"ocean_menu_typo_line_height_mobile":0,"ocean_menu_typo_line_height_unit":"","ocean_menu_typo_spacing":0,"ocean_menu_typo_spacing_tablet":0,"ocean_menu_typo_spacing_mobile":0,"ocean_menu_typo_spacing_unit":"","ocean_menu_link_color":"","ocean_menu_link_color_hover":"","ocean_menu_link_color_active":"","ocean_menu_link_background":"","ocean_menu_link_hover_background":"","ocean_menu_link_active_background":"","ocean_menu_social_links_bg":"","ocean_menu_social_hover_links_bg":"","ocean_menu_social_links_color":"","ocean_menu_social_hover_links_color":"","ocean_disable_title":"on","ocean_disable_heading":"default","ocean_post_title":"","ocean_post_subheading":"","ocean_post_title_style":"","ocean_post_title_background_color":"","ocean_post_title_background":0,"ocean_post_title_bg_image_position":"","ocean_post_title_bg_image_attachment":"","ocean_post_title_bg_image_repeat":"","ocean_post_title_bg_image_size":"","ocean_post_title_height":0,"ocean_post_title_bg_overlay":0.5,"ocean_post_title_bg_overlay_color":"","ocean_disable_breadcrumbs":"default","ocean_breadcrumbs_color":"","ocean_breadcrumbs_separator_color":"","ocean_breadcrumbs_links_color":"","ocean_breadcrumbs_links_hover_color":"","ocean_display_footer_widgets":"default","ocean_display_footer_bottom":"default","ocean_custom_footer_template":"0","footnotes":""},"class_list":["post-1932","page","type-page","status-publish","hentry","entry"],"yoast_head":"<!-- This site is optimized with the Yoast SEO plugin v27.6 - https:\/\/yoast.com\/product\/yoast-seo-wordpress\/ -->\n<title>Iscrizione newsletter &#187; Fondazione Cassa di Risparmio di Pesaro<\/title>\n<meta name=\"robots\" content=\"index, follow, max-snippet:-1, max-image-preview:large, max-video-preview:-1\" \/>\n<link rel=\"canonical\" href=\"https:\/\/www.fondazionecrpesaro.it\/fondazione\/iscrizione-newsletter\/\" \/>\n<meta property=\"og:locale\" content=\"it_IT\" \/>\n<meta property=\"og:type\" content=\"article\" \/>\n<meta property=\"og:title\" content=\"Iscrizione newsletter &#187; Fondazione Cassa di Risparmio di Pesaro\" \/>\n<meta property=\"og:description\" content=\"Iscrizione Newsletter Iscriviti alla nostra newsletter * campi richiesti Indirizzo email * Informativa Privacy * Ai sensi dell&#8217;art.13 del GDPR 679\/2016 si informa che i dati che ci verranno forniti [&hellip;]\" \/>\n<meta property=\"og:url\" content=\"https:\/\/www.fondazionecrpesaro.it\/fondazione\/iscrizione-newsletter\/\" \/>\n<meta property=\"og:site_name\" content=\"Fondazione Cassa di Risparmio di Pesaro\" \/>\n<meta property=\"article:modified_time\" content=\"2022-08-02T16:03:08+00:00\" \/>\n<meta property=\"og:image\" content=\"https:\/\/www.fondazionecrpesaro.it\/fondazione\/wp-content\/uploads\/elementor\/thumbs\/bilanci-p5r26xgzbtu2um3h0iuic3u9d26a4vtq7cfmf7zwow.png\" \/>\n<meta name=\"twitter:card\" content=\"summary_large_image\" \/>\n<meta name=\"twitter:label1\" content=\"Tempo di lettura stimato\" \/>\n\t<meta name=\"twitter:data1\" content=\"2 minuti\" \/>\n<script type=\"application\/ld+json\" class=\"yoast-schema-graph\">{\"@context\":\"https:\\\/\\\/schema.org\",\"@graph\":[{\"@type\":\"WebPage\",\"@id\":\"https:\\\/\\\/www.fondazionecrpesaro.it\\\/fondazione\\\/iscrizione-newsletter\\\/\",\"url\":\"https:\\\/\\\/www.fondazionecrpesaro.it\\\/fondazione\\\/iscrizione-newsletter\\\/\",\"name\":\"Iscrizione newsletter &#187; Fondazione Cassa di Risparmio di Pesaro\",\"isPartOf\":{\"@id\":\"https:\\\/\\\/www.fondazionecrpesaro.it\\\/fondazione\\\/#website\"},\"primaryImageOfPage\":{\"@id\":\"https:\\\/\\\/www.fondazionecrpesaro.it\\\/fondazione\\\/iscrizione-newsletter\\\/#primaryimage\"},\"image\":{\"@id\":\"https:\\\/\\\/www.fondazionecrpesaro.it\\\/fondazione\\\/iscrizione-newsletter\\\/#primaryimage\"},\"thumbnailUrl\":\"https:\\\/\\\/www.fondazionecrpesaro.it\\\/fondazione\\\/wp-content\\\/uploads\\\/elementor\\\/thumbs\\\/bilanci-p5r26xgzbtu2um3h0iuic3u9d26a4vtq7cfmf7zwow.png\",\"datePublished\":\"2021-04-16T09:40:57+00:00\",\"dateModified\":\"2022-08-02T16:03:08+00:00\",\"breadcrumb\":{\"@id\":\"https:\\\/\\\/www.fondazionecrpesaro.it\\\/fondazione\\\/iscrizione-newsletter\\\/#breadcrumb\"},\"inLanguage\":\"it-IT\",\"potentialAction\":[{\"@type\":\"ReadAction\",\"target\":[\"https:\\\/\\\/www.fondazionecrpesaro.it\\\/fondazione\\\/iscrizione-newsletter\\\/\"]}]},{\"@type\":\"ImageObject\",\"inLanguage\":\"it-IT\",\"@id\":\"https:\\\/\\\/www.fondazionecrpesaro.it\\\/fondazione\\\/iscrizione-newsletter\\\/#primaryimage\",\"url\":\"https:\\\/\\\/www.fondazionecrpesaro.it\\\/fondazione\\\/wp-content\\\/uploads\\\/elementor\\\/thumbs\\\/bilanci-p5r26xgzbtu2um3h0iuic3u9d26a4vtq7cfmf7zwow.png\",\"contentUrl\":\"https:\\\/\\\/www.fondazionecrpesaro.it\\\/fondazione\\\/wp-content\\\/uploads\\\/elementor\\\/thumbs\\\/bilanci-p5r26xgzbtu2um3h0iuic3u9d26a4vtq7cfmf7zwow.png\"},{\"@type\":\"BreadcrumbList\",\"@id\":\"https:\\\/\\\/www.fondazionecrpesaro.it\\\/fondazione\\\/iscrizione-newsletter\\\/#breadcrumb\",\"itemListElement\":[{\"@type\":\"ListItem\",\"position\":1,\"name\":\"Home\",\"item\":\"https:\\\/\\\/www.fondazionecrpesaro.it\\\/fondazione\\\/\"},{\"@type\":\"ListItem\",\"position\":2,\"name\":\"Iscrizione newsletter\"}]},{\"@type\":\"WebSite\",\"@id\":\"https:\\\/\\\/www.fondazionecrpesaro.it\\\/fondazione\\\/#website\",\"url\":\"https:\\\/\\\/www.fondazionecrpesaro.it\\\/fondazione\\\/\",\"name\":\"Fondazione Cassa di Risparmio di Pesaro\",\"description\":\"\",\"publisher\":{\"@id\":\"https:\\\/\\\/www.fondazionecrpesaro.it\\\/fondazione\\\/#organization\"},\"potentialAction\":[{\"@type\":\"SearchAction\",\"target\":{\"@type\":\"EntryPoint\",\"urlTemplate\":\"https:\\\/\\\/www.fondazionecrpesaro.it\\\/fondazione\\\/?s={search_term_string}\"},\"query-input\":{\"@type\":\"PropertyValueSpecification\",\"valueRequired\":true,\"valueName\":\"search_term_string\"}}],\"inLanguage\":\"it-IT\"},{\"@type\":\"Organization\",\"@id\":\"https:\\\/\\\/www.fondazionecrpesaro.it\\\/fondazione\\\/#organization\",\"name\":\"Fondazione Cassa di Risparmio di Pesaro\",\"url\":\"https:\\\/\\\/www.fondazionecrpesaro.it\\\/fondazione\\\/\",\"logo\":{\"@type\":\"ImageObject\",\"inLanguage\":\"it-IT\",\"@id\":\"https:\\\/\\\/www.fondazionecrpesaro.it\\\/fondazione\\\/#\\\/schema\\\/logo\\\/image\\\/\",\"url\":\"https:\\\/\\\/www.fondazionecrpesaro.it\\\/fondazione\\\/wp-content\\\/uploads\\\/2021\\\/09\\\/logo-FCRP.png\",\"contentUrl\":\"https:\\\/\\\/www.fondazionecrpesaro.it\\\/fondazione\\\/wp-content\\\/uploads\\\/2021\\\/09\\\/logo-FCRP.png\",\"width\":852,\"height\":173,\"caption\":\"Fondazione Cassa di Risparmio di Pesaro\"},\"image\":{\"@id\":\"https:\\\/\\\/www.fondazionecrpesaro.it\\\/fondazione\\\/#\\\/schema\\\/logo\\\/image\\\/\"}}]}<\/script>\n<!-- \/ Yoast SEO plugin. -->","yoast_head_json":{"title":"Iscrizione newsletter &#187; Fondazione Cassa di Risparmio di Pesaro","robots":{"index":"index","follow":"follow","max-snippet":"max-snippet:-1","max-image-preview":"max-image-preview:large","max-video-preview":"max-video-preview:-1"},"canonical":"https:\/\/www.fondazionecrpesaro.it\/fondazione\/iscrizione-newsletter\/","og_locale":"it_IT","og_type":"article","og_title":"Iscrizione newsletter &#187; Fondazione Cassa di Risparmio di Pesaro","og_description":"Iscrizione Newsletter Iscriviti alla nostra newsletter * campi richiesti Indirizzo email * Informativa Privacy * Ai sensi dell&#8217;art.13 del GDPR 679\/2016 si informa che i dati che ci verranno forniti [&hellip;]","og_url":"https:\/\/www.fondazionecrpesaro.it\/fondazione\/iscrizione-newsletter\/","og_site_name":"Fondazione Cassa di Risparmio di Pesaro","article_modified_time":"2022-08-02T16:03:08+00:00","og_image":[{"url":"https:\/\/www.fondazionecrpesaro.it\/fondazione\/wp-content\/uploads\/elementor\/thumbs\/bilanci-p5r26xgzbtu2um3h0iuic3u9d26a4vtq7cfmf7zwow.png","type":"","width":"","height":""}],"twitter_card":"summary_large_image","twitter_misc":{"Tempo di lettura stimato":"2 minuti"},"schema":{"@context":"https:\/\/schema.org","@graph":[{"@type":"WebPage","@id":"https:\/\/www.fondazionecrpesaro.it\/fondazione\/iscrizione-newsletter\/","url":"https:\/\/www.fondazionecrpesaro.it\/fondazione\/iscrizione-newsletter\/","name":"Iscrizione newsletter &#187; Fondazione Cassa di Risparmio di Pesaro","isPartOf":{"@id":"https:\/\/www.fondazionecrpesaro.it\/fondazione\/#website"},"primaryImageOfPage":{"@id":"https:\/\/www.fondazionecrpesaro.it\/fondazione\/iscrizione-newsletter\/#primaryimage"},"image":{"@id":"https:\/\/www.fondazionecrpesaro.it\/fondazione\/iscrizione-newsletter\/#primaryimage"},"thumbnailUrl":"https:\/\/www.fondazionecrpesaro.it\/fondazione\/wp-content\/uploads\/elementor\/thumbs\/bilanci-p5r26xgzbtu2um3h0iuic3u9d26a4vtq7cfmf7zwow.png","datePublished":"2021-04-16T09:40:57+00:00","dateModified":"2022-08-02T16:03:08+00:00","breadcrumb":{"@id":"https:\/\/www.fondazionecrpesaro.it\/fondazione\/iscrizione-newsletter\/#breadcrumb"},"inLanguage":"it-IT","potentialAction":[{"@type":"ReadAction","target":["https:\/\/www.fondazionecrpesaro.it\/fondazione\/iscrizione-newsletter\/"]}]},{"@type":"ImageObject","inLanguage":"it-IT","@id":"https:\/\/www.fondazionecrpesaro.it\/fondazione\/iscrizione-newsletter\/#primaryimage","url":"https:\/\/www.fondazionecrpesaro.it\/fondazione\/wp-content\/uploads\/elementor\/thumbs\/bilanci-p5r26xgzbtu2um3h0iuic3u9d26a4vtq7cfmf7zwow.png","contentUrl":"https:\/\/www.fondazionecrpesaro.it\/fondazione\/wp-content\/uploads\/elementor\/thumbs\/bilanci-p5r26xgzbtu2um3h0iuic3u9d26a4vtq7cfmf7zwow.png"},{"@type":"BreadcrumbList","@id":"https:\/\/www.fondazionecrpesaro.it\/fondazione\/iscrizione-newsletter\/#breadcrumb","itemListElement":[{"@type":"ListItem","position":1,"name":"Home","item":"https:\/\/www.fondazionecrpesaro.it\/fondazione\/"},{"@type":"ListItem","position":2,"name":"Iscrizione newsletter"}]},{"@type":"WebSite","@id":"https:\/\/www.fondazionecrpesaro.it\/fondazione\/#website","url":"https:\/\/www.fondazionecrpesaro.it\/fondazione\/","name":"Fondazione Cassa di Risparmio di Pesaro","description":"","publisher":{"@id":"https:\/\/www.fondazionecrpesaro.it\/fondazione\/#organization"},"potentialAction":[{"@type":"SearchAction","target":{"@type":"EntryPoint","urlTemplate":"https:\/\/www.fondazionecrpesaro.it\/fondazione\/?s={search_term_string}"},"query-input":{"@type":"PropertyValueSpecification","valueRequired":true,"valueName":"search_term_string"}}],"inLanguage":"it-IT"},{"@type":"Organization","@id":"https:\/\/www.fondazionecrpesaro.it\/fondazione\/#organization","name":"Fondazione Cassa di Risparmio di Pesaro","url":"https:\/\/www.fondazionecrpesaro.it\/fondazione\/","logo":{"@type":"ImageObject","inLanguage":"it-IT","@id":"https:\/\/www.fondazionecrpesaro.it\/fondazione\/#\/schema\/logo\/image\/","url":"https:\/\/www.fondazionecrpesaro.it\/fondazione\/wp-content\/uploads\/2021\/09\/logo-FCRP.png","contentUrl":"https:\/\/www.fondazionecrpesaro.it\/fondazione\/wp-content\/uploads\/2021\/09\/logo-FCRP.png","width":852,"height":173,"caption":"Fondazione Cassa di Risparmio di Pesaro"},"image":{"@id":"https:\/\/www.fondazionecrpesaro.it\/fondazione\/#\/schema\/logo\/image\/"}}]}},"_links":{"self":[{"href":"https:\/\/www.fondazionecrpesaro.it\/fondazione\/wp-json\/wp\/v2\/pages\/1932","targetHints":{"allow":["GET"]}}],"collection":[{"href":"https:\/\/www.fondazionecrpesaro.it\/fondazione\/wp-json\/wp\/v2\/pages"}],"about":[{"href":"https:\/\/www.fondazionecrpesaro.it\/fondazione\/wp-json\/wp\/v2\/types\/page"}],"author":[{"embeddable":true,"href":"https:\/\/www.fondazionecrpesaro.it\/fondazione\/wp-json\/wp\/v2\/users\/1"}],"replies":[{"embeddable":true,"href":"https:\/\/www.fondazionecrpesaro.it\/fondazione\/wp-json\/wp\/v2\/comments?post=1932"}],"version-history":[{"count":0,"href":"https:\/\/www.fondazionecrpesaro.it\/fondazione\/wp-json\/wp\/v2\/pages\/1932\/revisions"}],"wp:attachment":[{"href":"https:\/\/www.fondazionecrpesaro.it\/fondazione\/wp-json\/wp\/v2\/media?parent=1932"}],"curies":[{"name":"wp","href":"https:\/\/api.w.org\/{rel}","templated":true}]}}