{"id":1912,"date":"2021-04-16T10:55:12","date_gmt":"2021-04-16T08:55:12","guid":{"rendered":"https:\/\/www.fondazionecrpesaro.it\/fondazione\/?page_id=1912"},"modified":"2026-03-03T17:57:29","modified_gmt":"2026-03-03T16:57:29","slug":"privacy-policy","status":"publish","type":"page","link":"https:\/\/www.fondazionecrpesaro.it\/fondazione\/privacy-policy\/","title":{"rendered":"Privacy Policy"},"content":{"rendered":"\t\t<div data-elementor-type=\"wp-page\" data-elementor-id=\"1912\" class=\"elementor elementor-1912\">\n\t\t\t\t\t\t<section class=\"elementor-section elementor-top-section elementor-element elementor-element-c878557 elementor-section-boxed elementor-section-height-default elementor-section-height-default\" data-id=\"c878557\" data-element_type=\"section\" data-e-type=\"section\">\n\t\t\t\t\t\t<div class=\"elementor-container elementor-column-gap-default\">\n\t\t\t\t\t<div class=\"elementor-column elementor-col-100 elementor-top-column elementor-element elementor-element-34d3841\" data-id=\"34d3841\" data-element_type=\"column\" data-e-type=\"column\">\n\t\t\t<div class=\"elementor-widget-wrap elementor-element-populated\">\n\t\t\t\t\t\t<div class=\"elementor-element elementor-element-104102c elementor-widget elementor-widget-heading\" data-id=\"104102c\" data-element_type=\"widget\" data-e-type=\"widget\" data-widget_type=\"heading.default\">\n\t\t\t\t<div class=\"elementor-widget-container\">\n\t\t\t\t\t<h2 class=\"elementor-heading-title elementor-size-default\">Privacy Policy<\/h2>\t\t\t\t<\/div>\n\t\t\t\t<\/div>\n\t\t\t\t<div class=\"elementor-element elementor-element-da2a988 elementor-widget elementor-widget-text-editor\" data-id=\"da2a988\" data-element_type=\"widget\" data-e-type=\"widget\" data-widget_type=\"text-editor.default\">\n\t\t\t\t<div class=\"elementor-widget-container\">\n\t\t\t\t\t\t\t\t\t<p class=\"p1\">Nel rispetto di quanto previsto dal Reg. UE 2016\/679 (Regolamento Europeo per la protezione dei dati personali) le forniamo le dovute informazioni in ordine al trattamento dei dati personali forniti. L\u2019informativa \u00e8 resa ai sensi dell\u2019art. 13 del Reg. UE 2016\/679 (Regolamento Europeo per la protezione dei dati personali).<\/p><p class=\"p1\"><span style=\"color: #688aba;\"><b>TIPOLOGIA DI DATI TRATTATI\/TRATTABILI<\/b><\/span><\/p><p class=\"p1\">Dati trattati\/trattabili: \u201cdato personale\u201d.<span class=\"Apple-converted-space\">\u00a0<\/span><\/p><p class=\"p1\">Per \u201cdato personale\u201d, ai sensi dell\u2019art. 4 del GDPR 2016\/679, si intende \u201c<i>qualsiasi informazione riguardante una persona fisica identificata o identificabile (\u201cinteressato\u201d); si considera identificabile la persona fisica che pu\u00f2 essere identificata, direttamente o indirettamente, con particolare riferimento a un identificativo come il nome, un numero di identificazione, dati relativi all\u2019ubicazione, un identificativo online o a uno o pi\u00f9 elementi caratteristici della sua identit\u00e0 fisica, fisiologica, genetica, psichica, economica, culturale o sociale; (C26, C27, C30)<\/i>\u201d.<span class=\"Apple-converted-space\">\u00a0<\/span><\/p><p class=\"p1\"><span style=\"color: #688aba;\"><b>Dati utenti.<\/b><\/span><\/p><p class=\"p1\"><span style=\"color: #688aba;\"><b>Dati di navigazione<\/b><\/span><\/p><p class=\"p1\">I sistemi informatici e le procedure software preposte al funzionamento di questo sito web acquisiscono, nel corso del loro normale esercizio, alcuni dati personali la cui trasmissione \u00e8 implicita nell\u2019uso dei protocolli di comunicazione di Internet. Si tratta di informazioni che non sono raccolte per essere associate a interessati identificati, ma che per la loro stessa natura potrebbero, attraverso elaborazioni ed associazioni con dati detenuti da terzi, permettere di identificare gli utenti. In questa categoria dei dati rientrano gli indirizzi IP o i nomi a dominio dei computer utilizzati dagli utenti che si connettono al sito, gli indirizzi in notazione URI (Uniform Resource Identifier) delle risorse richieste, l\u2019orario della richiesta, il metodo utilizzato nel sottoporre la richiesta al server, la dimensione del file ottenuto in risposta, il codice numerico indicante lo stato della risposta data dal server (buon fine, errore, ecc.) ed altri parametri relativi al sistema operativo e all\u2019ambiente informatico dell\u2019utente.<\/p><p class=\"p1\"><span style=\"color: #688aba;\"><b>Dati comunicati volontariamente<span class=\"Apple-converted-space\">\u00a0<\/span><\/b><\/span><\/p><p class=\"p1\">L\u2019invio facoltativo, esplicito e volontario di messaggi agli indirizzi di contatto indicati su questo sito e\/o la compilazione di form di raccolta dati comporta la successiva acquisizione dei dati necessari per rispondere alle richieste.<\/p><p class=\"p1\"><span style=\"color: #688aba;\"><b>COOKIES<\/b><\/span><\/p><p class=\"p1\">Per i cookies e tecnologie equiparabili si veda la cookies policy nel footer del sito.<span class=\"Apple-converted-space\">\u00a0 <\/span>Per i cookies non tecnici e tecnologie equiparate la base giuridica \u00e8 il <span class=\"s1\"><b>consenso<\/b><\/span> ai sensi dell\u2019art. 6 par. 1 lett. a) del GDPR.<\/p><p class=\"p1\"><span class=\"s1\"><b><span style=\"color: #688aba;\">TITOLARE DEL TRATTAMENTO,<\/span> <\/b><\/span>ai sensi dell\u2019art.4 del Reg. UE 2016\/679, \u00e8 la FONDAZIONE CASSA DI RISPARMIO DI PESARO con sede in Via Passeri 72, 61121 Pesaro (PU) Tel. 072168861 <a href=\"mailto:segreteria@fondazionecrpesaro.it\"><span class=\"s2\">segreteria@fondazionecrpesaro.it<\/span><\/a> , nella persona del presidente pro-tempore.<\/p><p class=\"p1\"><span class=\"s1\" style=\"color: #688aba;\"><b>RESPONSABILE DELLA PROTEZIONE DEI DATI<\/b><\/span> Non \u00e8 stata designata una figura di Responsabile della Protezione dei Dati (DPO) poich\u00e9 le attivit\u00e0 di trattamento non rientrano tra quelle obbligatorie previste dall&#8217;Art. 37 del GDPR<\/p>\t\t\t\t\t\t\t\t<\/div>\n\t\t\t\t<\/div>\n\t\t\t\t\t<\/div>\n\t\t<\/div>\n\t\t\t\t\t<\/div>\n\t\t<\/section>\n\t\t\t\t<\/div>\n\t\t","protected":false},"excerpt":{"rendered":"<p>Privacy Policy Nel rispetto di quanto previsto dal Reg. UE 2016\/679 (Regolamento Europeo per la protezione dei dati personali) le forniamo le dovute informazioni in ordine al trattamento dei dati [&hellip;]<\/p>\n","protected":false},"author":1,"featured_media":0,"parent":0,"menu_order":0,"comment_status":"closed","ping_status":"closed","template":"","meta":{"ocean_post_layout":"","ocean_both_sidebars_style":"","ocean_both_sidebars_content_width":0,"ocean_both_sidebars_sidebars_width":0,"ocean_sidebar":"0","ocean_second_sidebar":"0","ocean_disable_margins":"enable","ocean_add_body_class":"","ocean_shortcode_before_top_bar":"","ocean_shortcode_after_top_bar":"","ocean_shortcode_before_header":"","ocean_shortcode_after_header":"","ocean_has_shortcode":"","ocean_shortcode_after_title":"","ocean_shortcode_before_footer_widgets":"","ocean_shortcode_after_footer_widgets":"","ocean_shortcode_before_footer_bottom":"","ocean_shortcode_after_footer_bottom":"","ocean_display_top_bar":"default","ocean_display_header":"default","ocean_header_style":"","ocean_center_header_left_menu":"0","ocean_custom_header_template":"0","ocean_custom_logo":0,"ocean_custom_retina_logo":0,"ocean_custom_logo_max_width":0,"ocean_custom_logo_tablet_max_width":0,"ocean_custom_logo_mobile_max_width":0,"ocean_custom_logo_max_height":0,"ocean_custom_logo_tablet_max_height":0,"ocean_custom_logo_mobile_max_height":0,"ocean_header_custom_menu":"0","ocean_menu_typo_font_family":"0","ocean_menu_typo_font_subset":"","ocean_menu_typo_font_size":0,"ocean_menu_typo_font_size_tablet":0,"ocean_menu_typo_font_size_mobile":0,"ocean_menu_typo_font_size_unit":"px","ocean_menu_typo_font_weight":"","ocean_menu_typo_font_weight_tablet":"","ocean_menu_typo_font_weight_mobile":"","ocean_menu_typo_transform":"","ocean_menu_typo_transform_tablet":"","ocean_menu_typo_transform_mobile":"","ocean_menu_typo_line_height":0,"ocean_menu_typo_line_height_tablet":0,"ocean_menu_typo_line_height_mobile":0,"ocean_menu_typo_line_height_unit":"","ocean_menu_typo_spacing":0,"ocean_menu_typo_spacing_tablet":0,"ocean_menu_typo_spacing_mobile":0,"ocean_menu_typo_spacing_unit":"","ocean_menu_link_color":"","ocean_menu_link_color_hover":"","ocean_menu_link_color_active":"","ocean_menu_link_background":"","ocean_menu_link_hover_background":"","ocean_menu_link_active_background":"","ocean_menu_social_links_bg":"","ocean_menu_social_hover_links_bg":"","ocean_menu_social_links_color":"","ocean_menu_social_hover_links_color":"","ocean_disable_title":"on","ocean_disable_heading":"default","ocean_post_title":"","ocean_post_subheading":"","ocean_post_title_style":"","ocean_post_title_background_color":"","ocean_post_title_background":0,"ocean_post_title_bg_image_position":"","ocean_post_title_bg_image_attachment":"","ocean_post_title_bg_image_repeat":"","ocean_post_title_bg_image_size":"","ocean_post_title_height":0,"ocean_post_title_bg_overlay":0.5,"ocean_post_title_bg_overlay_color":"","ocean_disable_breadcrumbs":"default","ocean_breadcrumbs_color":"","ocean_breadcrumbs_separator_color":"","ocean_breadcrumbs_links_color":"","ocean_breadcrumbs_links_hover_color":"","ocean_display_footer_widgets":"default","ocean_display_footer_bottom":"default","ocean_custom_footer_template":"0","footnotes":""},"class_list":["post-1912","page","type-page","status-publish","hentry","entry"],"yoast_head":"<!-- This site is optimized with the Yoast SEO plugin v27.6 - https:\/\/yoast.com\/product\/yoast-seo-wordpress\/ -->\n<title>Privacy Policy &#187; Fondazione Cassa di Risparmio di Pesaro<\/title>\n<meta name=\"robots\" content=\"index, follow, max-snippet:-1, max-image-preview:large, max-video-preview:-1\" \/>\n<link rel=\"canonical\" href=\"https:\/\/www.fondazionecrpesaro.it\/fondazione\/privacy-policy\/\" \/>\n<meta property=\"og:locale\" content=\"it_IT\" \/>\n<meta property=\"og:type\" content=\"article\" \/>\n<meta property=\"og:title\" content=\"Privacy Policy &#187; Fondazione Cassa di Risparmio di Pesaro\" \/>\n<meta property=\"og:description\" content=\"Privacy Policy Nel rispetto di quanto previsto dal Reg. UE 2016\/679 (Regolamento Europeo per la protezione dei dati personali) le forniamo le dovute informazioni in ordine al trattamento dei dati [&hellip;]\" \/>\n<meta property=\"og:url\" content=\"https:\/\/www.fondazionecrpesaro.it\/fondazione\/privacy-policy\/\" \/>\n<meta property=\"og:site_name\" content=\"Fondazione Cassa di Risparmio di Pesaro\" \/>\n<meta property=\"article:modified_time\" content=\"2026-03-03T16:57:29+00:00\" \/>\n<meta name=\"twitter:card\" content=\"summary_large_image\" \/>\n<meta name=\"twitter:label1\" content=\"Tempo di lettura stimato\" \/>\n\t<meta name=\"twitter:data1\" content=\"3 minuti\" \/>\n<script type=\"application\/ld+json\" class=\"yoast-schema-graph\">{\"@context\":\"https:\\\/\\\/schema.org\",\"@graph\":[{\"@type\":\"WebPage\",\"@id\":\"https:\\\/\\\/www.fondazionecrpesaro.it\\\/fondazione\\\/privacy-policy\\\/\",\"url\":\"https:\\\/\\\/www.fondazionecrpesaro.it\\\/fondazione\\\/privacy-policy\\\/\",\"name\":\"Privacy Policy &#187; Fondazione Cassa di Risparmio di Pesaro\",\"isPartOf\":{\"@id\":\"https:\\\/\\\/www.fondazionecrpesaro.it\\\/fondazione\\\/#website\"},\"datePublished\":\"2021-04-16T08:55:12+00:00\",\"dateModified\":\"2026-03-03T16:57:29+00:00\",\"breadcrumb\":{\"@id\":\"https:\\\/\\\/www.fondazionecrpesaro.it\\\/fondazione\\\/privacy-policy\\\/#breadcrumb\"},\"inLanguage\":\"it-IT\",\"potentialAction\":[{\"@type\":\"ReadAction\",\"target\":[\"https:\\\/\\\/www.fondazionecrpesaro.it\\\/fondazione\\\/privacy-policy\\\/\"]}]},{\"@type\":\"BreadcrumbList\",\"@id\":\"https:\\\/\\\/www.fondazionecrpesaro.it\\\/fondazione\\\/privacy-policy\\\/#breadcrumb\",\"itemListElement\":[{\"@type\":\"ListItem\",\"position\":1,\"name\":\"Home\",\"item\":\"https:\\\/\\\/www.fondazionecrpesaro.it\\\/fondazione\\\/\"},{\"@type\":\"ListItem\",\"position\":2,\"name\":\"Privacy Policy\"}]},{\"@type\":\"WebSite\",\"@id\":\"https:\\\/\\\/www.fondazionecrpesaro.it\\\/fondazione\\\/#website\",\"url\":\"https:\\\/\\\/www.fondazionecrpesaro.it\\\/fondazione\\\/\",\"name\":\"Fondazione Cassa di Risparmio di Pesaro\",\"description\":\"\",\"publisher\":{\"@id\":\"https:\\\/\\\/www.fondazionecrpesaro.it\\\/fondazione\\\/#organization\"},\"potentialAction\":[{\"@type\":\"SearchAction\",\"target\":{\"@type\":\"EntryPoint\",\"urlTemplate\":\"https:\\\/\\\/www.fondazionecrpesaro.it\\\/fondazione\\\/?s={search_term_string}\"},\"query-input\":{\"@type\":\"PropertyValueSpecification\",\"valueRequired\":true,\"valueName\":\"search_term_string\"}}],\"inLanguage\":\"it-IT\"},{\"@type\":\"Organization\",\"@id\":\"https:\\\/\\\/www.fondazionecrpesaro.it\\\/fondazione\\\/#organization\",\"name\":\"Fondazione Cassa di Risparmio di Pesaro\",\"url\":\"https:\\\/\\\/www.fondazionecrpesaro.it\\\/fondazione\\\/\",\"logo\":{\"@type\":\"ImageObject\",\"inLanguage\":\"it-IT\",\"@id\":\"https:\\\/\\\/www.fondazionecrpesaro.it\\\/fondazione\\\/#\\\/schema\\\/logo\\\/image\\\/\",\"url\":\"https:\\\/\\\/www.fondazionecrpesaro.it\\\/fondazione\\\/wp-content\\\/uploads\\\/2021\\\/09\\\/logo-FCRP.png\",\"contentUrl\":\"https:\\\/\\\/www.fondazionecrpesaro.it\\\/fondazione\\\/wp-content\\\/uploads\\\/2021\\\/09\\\/logo-FCRP.png\",\"width\":852,\"height\":173,\"caption\":\"Fondazione Cassa di Risparmio di Pesaro\"},\"image\":{\"@id\":\"https:\\\/\\\/www.fondazionecrpesaro.it\\\/fondazione\\\/#\\\/schema\\\/logo\\\/image\\\/\"}}]}<\/script>\n<!-- \/ Yoast SEO plugin. -->","yoast_head_json":{"title":"Privacy Policy &#187; Fondazione Cassa di Risparmio di Pesaro","robots":{"index":"index","follow":"follow","max-snippet":"max-snippet:-1","max-image-preview":"max-image-preview:large","max-video-preview":"max-video-preview:-1"},"canonical":"https:\/\/www.fondazionecrpesaro.it\/fondazione\/privacy-policy\/","og_locale":"it_IT","og_type":"article","og_title":"Privacy Policy &#187; Fondazione Cassa di Risparmio di Pesaro","og_description":"Privacy Policy Nel rispetto di quanto previsto dal Reg. UE 2016\/679 (Regolamento Europeo per la protezione dei dati personali) le forniamo le dovute informazioni in ordine al trattamento dei dati [&hellip;]","og_url":"https:\/\/www.fondazionecrpesaro.it\/fondazione\/privacy-policy\/","og_site_name":"Fondazione Cassa di Risparmio di Pesaro","article_modified_time":"2026-03-03T16:57:29+00:00","twitter_card":"summary_large_image","twitter_misc":{"Tempo di lettura stimato":"3 minuti"},"schema":{"@context":"https:\/\/schema.org","@graph":[{"@type":"WebPage","@id":"https:\/\/www.fondazionecrpesaro.it\/fondazione\/privacy-policy\/","url":"https:\/\/www.fondazionecrpesaro.it\/fondazione\/privacy-policy\/","name":"Privacy Policy &#187; Fondazione Cassa di Risparmio di Pesaro","isPartOf":{"@id":"https:\/\/www.fondazionecrpesaro.it\/fondazione\/#website"},"datePublished":"2021-04-16T08:55:12+00:00","dateModified":"2026-03-03T16:57:29+00:00","breadcrumb":{"@id":"https:\/\/www.fondazionecrpesaro.it\/fondazione\/privacy-policy\/#breadcrumb"},"inLanguage":"it-IT","potentialAction":[{"@type":"ReadAction","target":["https:\/\/www.fondazionecrpesaro.it\/fondazione\/privacy-policy\/"]}]},{"@type":"BreadcrumbList","@id":"https:\/\/www.fondazionecrpesaro.it\/fondazione\/privacy-policy\/#breadcrumb","itemListElement":[{"@type":"ListItem","position":1,"name":"Home","item":"https:\/\/www.fondazionecrpesaro.it\/fondazione\/"},{"@type":"ListItem","position":2,"name":"Privacy Policy"}]},{"@type":"WebSite","@id":"https:\/\/www.fondazionecrpesaro.it\/fondazione\/#website","url":"https:\/\/www.fondazionecrpesaro.it\/fondazione\/","name":"Fondazione Cassa di Risparmio di Pesaro","description":"","publisher":{"@id":"https:\/\/www.fondazionecrpesaro.it\/fondazione\/#organization"},"potentialAction":[{"@type":"SearchAction","target":{"@type":"EntryPoint","urlTemplate":"https:\/\/www.fondazionecrpesaro.it\/fondazione\/?s={search_term_string}"},"query-input":{"@type":"PropertyValueSpecification","valueRequired":true,"valueName":"search_term_string"}}],"inLanguage":"it-IT"},{"@type":"Organization","@id":"https:\/\/www.fondazionecrpesaro.it\/fondazione\/#organization","name":"Fondazione Cassa di Risparmio di Pesaro","url":"https:\/\/www.fondazionecrpesaro.it\/fondazione\/","logo":{"@type":"ImageObject","inLanguage":"it-IT","@id":"https:\/\/www.fondazionecrpesaro.it\/fondazione\/#\/schema\/logo\/image\/","url":"https:\/\/www.fondazionecrpesaro.it\/fondazione\/wp-content\/uploads\/2021\/09\/logo-FCRP.png","contentUrl":"https:\/\/www.fondazionecrpesaro.it\/fondazione\/wp-content\/uploads\/2021\/09\/logo-FCRP.png","width":852,"height":173,"caption":"Fondazione Cassa di Risparmio di Pesaro"},"image":{"@id":"https:\/\/www.fondazionecrpesaro.it\/fondazione\/#\/schema\/logo\/image\/"}}]}},"_links":{"self":[{"href":"https:\/\/www.fondazionecrpesaro.it\/fondazione\/wp-json\/wp\/v2\/pages\/1912","targetHints":{"allow":["GET"]}}],"collection":[{"href":"https:\/\/www.fondazionecrpesaro.it\/fondazione\/wp-json\/wp\/v2\/pages"}],"about":[{"href":"https:\/\/www.fondazionecrpesaro.it\/fondazione\/wp-json\/wp\/v2\/types\/page"}],"author":[{"embeddable":true,"href":"https:\/\/www.fondazionecrpesaro.it\/fondazione\/wp-json\/wp\/v2\/users\/1"}],"replies":[{"embeddable":true,"href":"https:\/\/www.fondazionecrpesaro.it\/fondazione\/wp-json\/wp\/v2\/comments?post=1912"}],"version-history":[{"count":3,"href":"https:\/\/www.fondazionecrpesaro.it\/fondazione\/wp-json\/wp\/v2\/pages\/1912\/revisions"}],"predecessor-version":[{"id":5443,"href":"https:\/\/www.fondazionecrpesaro.it\/fondazione\/wp-json\/wp\/v2\/pages\/1912\/revisions\/5443"}],"wp:attachment":[{"href":"https:\/\/www.fondazionecrpesaro.it\/fondazione\/wp-json\/wp\/v2\/media?parent=1912"}],"curies":[{"name":"wp","href":"https:\/\/api.w.org\/{rel}","templated":true}]}}